{"id":53,"date":"2022-08-19T09:58:28","date_gmt":"2022-08-19T12:58:28","guid":{"rendered":"http:\/\/brasilpelomeioambiente.com.br\/?page_id=53"},"modified":"2025-06-26T14:40:59","modified_gmt":"2025-06-26T17:40:59","slug":"how-to-participate","status":"publish","type":"page","link":"https:\/\/brasilpelomeioambiente.com.br\/en\/como-participar\/","title":{"rendered":"PARTICIPATE"},"content":{"rendered":"<div data-elementor-type=\"wp-page\" data-elementor-id=\"53\" class=\"elementor elementor-53\" data-elementor-post-type=\"page\">\n\t\t\t\t\t\t<section class=\"elementor-section elementor-top-section elementor-element elementor-element-5f3ae7a elementor-section-boxed elementor-section-height-default elementor-section-height-default\" data-id=\"5f3ae7a\" data-element_type=\"section\" data-e-type=\"section\">\n\t\t\t\t\t\t<div class=\"elementor-container elementor-column-gap-default\">\n\t\t\t\t\t<div class=\"elementor-column elementor-col-100 elementor-top-column elementor-element elementor-element-2579a8b\" data-id=\"2579a8b\" data-element_type=\"column\" data-e-type=\"column\">\n\t\t\t<div class=\"elementor-widget-wrap elementor-element-populated\">\n\t\t\t\t\t\t<div class=\"elementor-element elementor-element-0ca90ce elementor-widget elementor-widget-spacer\" data-id=\"0ca90ce\" data-element_type=\"widget\" data-e-type=\"widget\" data-widget_type=\"spacer.default\">\n\t\t\t\t<div class=\"elementor-widget-container\">\n\t\t\t\t\t\t\t<div class=\"elementor-spacer\">\n\t\t\t<div class=\"elementor-spacer-inner\"><\/div>\n\t\t<\/div>\n\t\t\t\t\t\t<\/div>\n\t\t\t\t<\/div>\n\t\t\t\t<div class=\"elementor-element elementor-element-c1b0fbd elementor-widget elementor-widget-heading\" data-id=\"c1b0fbd\" data-element_type=\"widget\" data-e-type=\"widget\" data-widget_type=\"heading.default\">\n\t\t\t\t<div class=\"elementor-widget-container\">\n\t\t\t\t\t<h2 class=\"elementor-heading-title elementor-size-default\">Governance to encompass <br>sustainable projects<\/h2>\t\t\t\t<\/div>\n\t\t\t\t<\/div>\n\t\t\t\t<section class=\"elementor-section elementor-inner-section elementor-element elementor-element-5d639b2 elementor-section-boxed elementor-section-height-default elementor-section-height-default\" data-id=\"5d639b2\" data-element_type=\"section\" data-e-type=\"section\">\n\t\t\t\t\t\t<div class=\"elementor-container elementor-column-gap-default\">\n\t\t\t\t\t<div class=\"elementor-column elementor-col-33 elementor-inner-column elementor-element elementor-element-553e7f9 elementor-hidden-tablet elementor-hidden-mobile\" data-id=\"553e7f9\" data-element_type=\"column\" data-e-type=\"column\">\n\t\t\t<div class=\"elementor-widget-wrap\">\n\t\t\t\t\t\t\t<\/div>\n\t\t<\/div>\n\t\t\t\t<div class=\"elementor-column elementor-col-33 elementor-inner-column elementor-element elementor-element-7937d6e\" data-id=\"7937d6e\" data-element_type=\"column\" data-e-type=\"column\">\n\t\t\t<div class=\"elementor-widget-wrap elementor-element-populated\">\n\t\t\t\t\t\t<div class=\"elementor-element elementor-element-3fc9382 elementor-widget elementor-widget-text-editor\" data-id=\"3fc9382\" data-element_type=\"widget\" data-e-type=\"widget\" data-widget_type=\"text-editor.default\">\n\t\t\t\t<div class=\"elementor-widget-container\">\n\t\t\t\t\t\t\t\t\t<p>A group of experts will analyze the projects received in the light of objective criteria previously published in order to ensure the quality and credibility of the initiative. The group can be set up in partnership with consultancies or law firms with recognized expertise in the field.<\/p>\t\t\t\t\t\t\t\t<\/div>\n\t\t\t\t<\/div>\n\t\t\t\t\t<\/div>\n\t\t<\/div>\n\t\t\t\t<div class=\"elementor-column elementor-col-33 elementor-inner-column elementor-element elementor-element-3574b6e elementor-hidden-tablet elementor-hidden-mobile\" data-id=\"3574b6e\" data-element_type=\"column\" data-e-type=\"column\">\n\t\t\t<div class=\"elementor-widget-wrap\">\n\t\t\t\t\t\t\t<\/div>\n\t\t<\/div>\n\t\t\t\t\t<\/div>\n\t\t<\/section>\n\t\t\t\t<div class=\"elementor-element elementor-element-713b042 elementor-widget elementor-widget-spacer\" data-id=\"713b042\" data-element_type=\"widget\" data-e-type=\"widget\" data-widget_type=\"spacer.default\">\n\t\t\t\t<div class=\"elementor-widget-container\">\n\t\t\t\t\t\t\t<div class=\"elementor-spacer\">\n\t\t\t<div class=\"elementor-spacer-inner\"><\/div>\n\t\t<\/div>\n\t\t\t\t\t\t<\/div>\n\t\t\t\t<\/div>\n\t\t\t\t<div class=\"elementor-element elementor-element-0f8203e elementor-align-center elementor-widget elementor-widget-button\" data-id=\"0f8203e\" data-element_type=\"widget\" data-e-type=\"widget\" data-widget_type=\"button.default\">\n\t\t\t\t<div class=\"elementor-widget-container\">\n\t\t\t\t\t\t\t\t\t<div class=\"elementor-button-wrapper\">\n\t\t\t\t\t<a class=\"elementor-button elementor-button-link elementor-size-lg\" href=\"https:\/\/forms.office.com\/r\/1gEZNuX2jK\" target=\"_blank\">\n\t\t\t\t\t\t<span class=\"elementor-button-content-wrapper\">\n\t\t\t\t\t\t\t\t\t<span class=\"elementor-button-text\">START REGISTRATION NOW<\/span>\n\t\t\t\t\t<\/span>\n\t\t\t\t\t<\/a>\n\t\t\t\t<\/div>\n\t\t\t\t\t\t\t\t<\/div>\n\t\t\t\t<\/div>\n\t\t\t\t\t<\/div>\n\t\t<\/div>\n\t\t\t\t\t<\/div>\n\t\t<\/section>\n\t\t\t\t<\/div>","protected":false},"excerpt":{"rendered":"<p>Governance to encompass sustainable projects A group of experts will analyze the projects received in the light of objective criteria that have been previously published in order to ensure the quality and credibility of the initiative. The Group can be set up in partnership with consultancies or law firms with recognized expertise in the field. START REGISTERING NOW<\/p>","protected":false},"author":3,"featured_media":0,"parent":0,"menu_order":0,"comment_status":"closed","ping_status":"closed","template":"","meta":{"_acf_changed":false,"footnotes":""},"class_list":["post-53","page","type-page","status-publish","hentry"],"acf":[],"yoast_head":"<!-- This site is optimized with the Yoast SEO plugin v27.4 - https:\/\/yoast.com\/product\/yoast-seo-wordpress\/ -->\n<title>COMO PARTICIPAR - Brasil Pelo Meio Ambiente<\/title>\n<meta name=\"robots\" content=\"index, follow, max-snippet:-1, max-image-preview:large, max-video-preview:-1\" \/>\n<link rel=\"canonical\" href=\"https:\/\/brasilpelomeioambiente.com.br\/en\/how-to-participate\/\" \/>\n<meta property=\"og:locale\" content=\"en_US\" \/>\n<meta property=\"og:type\" content=\"article\" \/>\n<meta property=\"og:title\" content=\"COMO PARTICIPAR - Brasil Pelo Meio Ambiente\" \/>\n<meta property=\"og:description\" content=\"Uma governan\u00e7a para englobar projetos sustent\u00e1veis Um grupo de especialistas analisar\u00e3o os projetos recebidos \u00e0 luz de crit\u00e9rios objetivos previamente divulgados de forma a assegurar a qualidade e credibilidade da iniciativa. O Grupo pode ser estabelecido por meio de parceria com consultorias ou escrit\u00f3rios de advocacia com atua\u00e7\u00e3o reconhecida na \u00e1rea. INICIAR INSCRI\u00c7\u00c3O AGORA\" \/>\n<meta property=\"og:url\" content=\"https:\/\/brasilpelomeioambiente.com.br\/en\/how-to-participate\/\" \/>\n<meta property=\"og:site_name\" content=\"Brasil Pelo Meio Ambiente\" \/>\n<meta property=\"article:publisher\" content=\"https:\/\/www.facebook.com\/amchambrasil\" \/>\n<meta property=\"article:modified_time\" content=\"2025-06-26T17:40:59+00:00\" \/>\n<meta property=\"og:image\" content=\"https:\/\/brasilpelomeioambiente.com.br\/wp-content\/uploads\/2022\/08\/BpMA-Amcham-ICC_logotipos.png\" \/>\n\t<meta property=\"og:image:width\" content=\"1920\" \/>\n\t<meta property=\"og:image:height\" content=\"1080\" \/>\n\t<meta property=\"og:image:type\" content=\"image\/png\" \/>\n<meta name=\"twitter:card\" content=\"summary_large_image\" \/>\n<meta name=\"twitter:site\" content=\"@amchambr\" \/>\n<meta name=\"twitter:label1\" content=\"Est. reading time\" \/>\n\t<meta name=\"twitter:data1\" content=\"1 minute\" \/>\n<script type=\"application\/ld+json\" class=\"yoast-schema-graph\">{\"@context\":\"https:\\\/\\\/schema.org\",\"@graph\":[{\"@type\":\"WebPage\",\"@id\":\"https:\\\/\\\/brasilpelomeioambiente.com.br\\\/como-participar\\\/\",\"url\":\"https:\\\/\\\/brasilpelomeioambiente.com.br\\\/como-participar\\\/\",\"name\":\"COMO PARTICIPAR - Brasil Pelo Meio Ambiente\",\"isPartOf\":{\"@id\":\"http:\\\/\\\/brasilpelomeioambiente.com.br\\\/#website\"},\"datePublished\":\"2022-08-19T12:58:28+00:00\",\"dateModified\":\"2025-06-26T17:40:59+00:00\",\"inLanguage\":\"en-US\",\"potentialAction\":[{\"@type\":\"ReadAction\",\"target\":[\"https:\\\/\\\/brasilpelomeioambiente.com.br\\\/como-participar\\\/\"]}]},{\"@type\":\"WebSite\",\"@id\":\"http:\\\/\\\/brasilpelomeioambiente.com.br\\\/#website\",\"url\":\"http:\\\/\\\/brasilpelomeioambiente.com.br\\\/\",\"name\":\"Brasil Pelo Meio Ambiente\",\"description\":\"O projeto Brasil Pelo Meio Ambiente surgiu da necessidade de compartilhar as melhores pr\u00e1ticas empresariais brasileiras sobre os temas de preserva\u00e7\u00e3o ambiental e sustentabilidade\",\"publisher\":{\"@id\":\"http:\\\/\\\/brasilpelomeioambiente.com.br\\\/#organization\"},\"alternateName\":\"BPMA\",\"potentialAction\":[{\"@type\":\"SearchAction\",\"target\":{\"@type\":\"EntryPoint\",\"urlTemplate\":\"http:\\\/\\\/brasilpelomeioambiente.com.br\\\/?s={search_term_string}\"},\"query-input\":{\"@type\":\"PropertyValueSpecification\",\"valueRequired\":true,\"valueName\":\"search_term_string\"}}],\"inLanguage\":\"en-US\"},{\"@type\":\"Organization\",\"@id\":\"http:\\\/\\\/brasilpelomeioambiente.com.br\\\/#organization\",\"name\":\"Brasil Pelo Meio Ambiente\",\"url\":\"http:\\\/\\\/brasilpelomeioambiente.com.br\\\/\",\"logo\":{\"@type\":\"ImageObject\",\"inLanguage\":\"en-US\",\"@id\":\"http:\\\/\\\/brasilpelomeioambiente.com.br\\\/#\\\/schema\\\/logo\\\/image\\\/\",\"url\":\"https:\\\/\\\/brasilpelomeioambiente.com.br\\\/wp-content\\\/uploads\\\/2022\\\/08\\\/BpMA-Amcham-ICC_logotipos.png\",\"contentUrl\":\"https:\\\/\\\/brasilpelomeioambiente.com.br\\\/wp-content\\\/uploads\\\/2022\\\/08\\\/BpMA-Amcham-ICC_logotipos.png\",\"width\":1920,\"height\":1080,\"caption\":\"Brasil Pelo Meio Ambiente\"},\"image\":{\"@id\":\"http:\\\/\\\/brasilpelomeioambiente.com.br\\\/#\\\/schema\\\/logo\\\/image\\\/\"},\"sameAs\":[\"https:\\\/\\\/www.facebook.com\\\/amchambrasil\",\"https:\\\/\\\/x.com\\\/amchambr\"]}]}<\/script>\n<!-- \/ Yoast SEO plugin. -->","yoast_head_json":{"title":"HOW TO PARTICIPATE - Brazil for the Environment","robots":{"index":"index","follow":"follow","max-snippet":"max-snippet:-1","max-image-preview":"max-image-preview:large","max-video-preview":"max-video-preview:-1"},"canonical":"https:\/\/brasilpelomeioambiente.com.br\/en\/how-to-participate\/","og_locale":"en_US","og_type":"article","og_title":"COMO PARTICIPAR - Brasil Pelo Meio Ambiente","og_description":"Uma governan\u00e7a para englobar projetos sustent\u00e1veis Um grupo de especialistas analisar\u00e3o os projetos recebidos \u00e0 luz de crit\u00e9rios objetivos previamente divulgados de forma a assegurar a qualidade e credibilidade da iniciativa. O Grupo pode ser estabelecido por meio de parceria com consultorias ou escrit\u00f3rios de advocacia com atua\u00e7\u00e3o reconhecida na \u00e1rea. INICIAR INSCRI\u00c7\u00c3O AGORA","og_url":"https:\/\/brasilpelomeioambiente.com.br\/en\/how-to-participate\/","og_site_name":"Brasil Pelo Meio Ambiente","article_publisher":"https:\/\/www.facebook.com\/amchambrasil","article_modified_time":"2025-06-26T17:40:59+00:00","og_image":[{"width":1920,"height":1080,"url":"https:\/\/brasilpelomeioambiente.com.br\/wp-content\/uploads\/2022\/08\/BpMA-Amcham-ICC_logotipos.png","type":"image\/png"}],"twitter_card":"summary_large_image","twitter_site":"@amchambr","twitter_misc":{"Est. reading time":"1 minute"},"schema":{"@context":"https:\/\/schema.org","@graph":[{"@type":"WebPage","@id":"https:\/\/brasilpelomeioambiente.com.br\/como-participar\/","url":"https:\/\/brasilpelomeioambiente.com.br\/como-participar\/","name":"HOW TO PARTICIPATE - Brazil for the Environment","isPartOf":{"@id":"http:\/\/brasilpelomeioambiente.com.br\/#website"},"datePublished":"2022-08-19T12:58:28+00:00","dateModified":"2025-06-26T17:40:59+00:00","inLanguage":"en-US","potentialAction":[{"@type":"ReadAction","target":["https:\/\/brasilpelomeioambiente.com.br\/como-participar\/"]}]},{"@type":"WebSite","@id":"http:\/\/brasilpelomeioambiente.com.br\/#website","url":"http:\/\/brasilpelomeioambiente.com.br\/","name":"Brazil for the Environment","description":"The Brazil for the Environment project arose from the need to share Brazil's best business practices on the issues of environmental preservation and sustainability","publisher":{"@id":"http:\/\/brasilpelomeioambiente.com.br\/#organization"},"alternateName":"BPMA","potentialAction":[{"@type":"SearchAction","target":{"@type":"EntryPoint","urlTemplate":"http:\/\/brasilpelomeioambiente.com.br\/?s={search_term_string}"},"query-input":{"@type":"PropertyValueSpecification","valueRequired":true,"valueName":"search_term_string"}}],"inLanguage":"en-US"},{"@type":"Organization","@id":"http:\/\/brasilpelomeioambiente.com.br\/#organization","name":"Brazil for the Environment","url":"http:\/\/brasilpelomeioambiente.com.br\/","logo":{"@type":"ImageObject","inLanguage":"en-US","@id":"http:\/\/brasilpelomeioambiente.com.br\/#\/schema\/logo\/image\/","url":"https:\/\/brasilpelomeioambiente.com.br\/wp-content\/uploads\/2022\/08\/BpMA-Amcham-ICC_logotipos.png","contentUrl":"https:\/\/brasilpelomeioambiente.com.br\/wp-content\/uploads\/2022\/08\/BpMA-Amcham-ICC_logotipos.png","width":1920,"height":1080,"caption":"Brasil Pelo Meio Ambiente"},"image":{"@id":"http:\/\/brasilpelomeioambiente.com.br\/#\/schema\/logo\/image\/"},"sameAs":["https:\/\/www.facebook.com\/amchambrasil","https:\/\/x.com\/amchambr"]}]}},"_links":{"self":[{"href":"https:\/\/brasilpelomeioambiente.com.br\/en\/wp-json\/wp\/v2\/pages\/53","targetHints":{"allow":["GET"]}}],"collection":[{"href":"https:\/\/brasilpelomeioambiente.com.br\/en\/wp-json\/wp\/v2\/pages"}],"about":[{"href":"https:\/\/brasilpelomeioambiente.com.br\/en\/wp-json\/wp\/v2\/types\/page"}],"author":[{"embeddable":true,"href":"https:\/\/brasilpelomeioambiente.com.br\/en\/wp-json\/wp\/v2\/users\/3"}],"replies":[{"embeddable":true,"href":"https:\/\/brasilpelomeioambiente.com.br\/en\/wp-json\/wp\/v2\/comments?post=53"}],"version-history":[{"count":6,"href":"https:\/\/brasilpelomeioambiente.com.br\/en\/wp-json\/wp\/v2\/pages\/53\/revisions"}],"predecessor-version":[{"id":8952,"href":"https:\/\/brasilpelomeioambiente.com.br\/en\/wp-json\/wp\/v2\/pages\/53\/revisions\/8952"}],"wp:attachment":[{"href":"https:\/\/brasilpelomeioambiente.com.br\/en\/wp-json\/wp\/v2\/media?parent=53"}],"curies":[{"name":"wp","href":"https:\/\/api.w.org\/{rel}","templated":true}]}}