{"id":90,"date":"2022-08-19T11:44:18","date_gmt":"2022-08-19T14:44:18","guid":{"rendered":"http:\/\/brasilpelomeioambiente.com.br\/?page_id=90"},"modified":"2024-07-02T16:31:10","modified_gmt":"2024-07-02T19:31:10","slug":"contact-us","status":"publish","type":"page","link":"https:\/\/brasilpelomeioambiente.com.br\/en\/fale-conosco\/","title":{"rendered":"CONTACT"},"content":{"rendered":"<div data-elementor-type=\"wp-page\" data-elementor-id=\"90\" class=\"elementor elementor-90\" data-elementor-post-type=\"page\">\n\t\t\t\t\t\t<section class=\"elementor-section elementor-top-section elementor-element elementor-element-12a93bd elementor-section-boxed elementor-section-height-default elementor-section-height-default\" data-id=\"12a93bd\" data-element_type=\"section\" data-e-type=\"section\">\n\t\t\t\t\t\t<div class=\"elementor-container elementor-column-gap-default\">\n\t\t\t\t\t<div class=\"elementor-column elementor-col-100 elementor-top-column elementor-element elementor-element-feda165\" data-id=\"feda165\" data-element_type=\"column\" data-e-type=\"column\">\n\t\t\t<div class=\"elementor-widget-wrap elementor-element-populated\">\n\t\t\t\t\t\t<div class=\"elementor-element elementor-element-54de1bc elementor-widget elementor-widget-heading\" data-id=\"54de1bc\" data-element_type=\"widget\" data-e-type=\"widget\" data-widget_type=\"heading.default\">\n\t\t\t\t<div class=\"elementor-widget-container\">\n\t\t\t\t\t<h2 class=\"elementor-heading-title elementor-size-large\">AMCHAM and companies in Brazil are united by projects in defense of the environment.  <\/h2>\t\t\t\t<\/div>\n\t\t\t\t<\/div>\n\t\t\t\t\t<\/div>\n\t\t<\/div>\n\t\t\t\t\t<\/div>\n\t\t<\/section>\n\t\t\t\t<section class=\"elementor-section elementor-top-section elementor-element elementor-element-06d88f5 elementor-section-full_width elementor-section-height-default elementor-section-height-default\" data-id=\"06d88f5\" data-element_type=\"section\" data-e-type=\"section\">\n\t\t\t\t\t\t<div class=\"elementor-container elementor-column-gap-default\">\n\t\t\t\t\t<div class=\"elementor-column elementor-col-50 elementor-top-column elementor-element elementor-element-e76b1cc elementor-hidden-mobile\" data-id=\"e76b1cc\" data-element_type=\"column\" data-e-type=\"column\" data-settings=\"{&quot;background_background&quot;:&quot;classic&quot;}\">\n\t\t\t<div class=\"elementor-widget-wrap\">\n\t\t\t\t\t\t\t<\/div>\n\t\t<\/div>\n\t\t\t\t<div class=\"elementor-column elementor-col-50 elementor-top-column elementor-element elementor-element-ce228cd\" data-id=\"ce228cd\" data-element_type=\"column\" data-e-type=\"column\">\n\t\t\t<div class=\"elementor-widget-wrap elementor-element-populated\">\n\t\t\t\t\t\t<div class=\"elementor-element elementor-element-24175f4 elementor-widget-divider--view-line elementor-widget elementor-widget-divider\" data-id=\"24175f4\" data-element_type=\"widget\" data-e-type=\"widget\" data-widget_type=\"divider.default\">\n\t\t\t\t<div class=\"elementor-widget-container\">\n\t\t\t\t\t\t\t<div class=\"elementor-divider\">\n\t\t\t<span class=\"elementor-divider-separator\">\n\t\t\t\t\t\t<\/span>\n\t\t<\/div>\n\t\t\t\t\t\t<\/div>\n\t\t\t\t<\/div>\n\t\t\t\t<div class=\"elementor-element elementor-element-bc0f757 elementor-widget elementor-widget-image\" data-id=\"bc0f757\" data-element_type=\"widget\" data-e-type=\"widget\" data-widget_type=\"image.default\">\n\t\t\t\t<div class=\"elementor-widget-container\">\n\t\t\t\t\t\t\t\t\t\t\t\t\t\t\t<img decoding=\"async\" width=\"154\" height=\"71\" src=\"https:\/\/brasilpelomeioambiente.com.br\/wp-content\/uploads\/2022\/08\/amcham-1.png\" class=\"attachment-large size-large wp-image-664\" alt=\"Amcham\" srcset=\"https:\/\/brasilpelomeioambiente.com.br\/wp-content\/uploads\/2022\/08\/amcham-1.png 154w, https:\/\/brasilpelomeioambiente.com.br\/wp-content\/uploads\/2022\/08\/amcham-1-18x8.png 18w\" sizes=\"(max-width: 154px) 100vw, 154px\" \/>\t\t\t\t\t\t\t\t\t\t\t\t\t\t\t<\/div>\n\t\t\t\t<\/div>\n\t\t\t\t<div class=\"elementor-element elementor-element-575ed2f elementor-widget elementor-widget-text-editor\" data-id=\"575ed2f\" data-element_type=\"widget\" data-e-type=\"widget\" data-widget_type=\"text-editor.default\">\n\t\t\t\t<div class=\"elementor-widget-container\">\n\t\t\t\t\t\t\t\t\t<p>Amcham goes far beyond a typical chamber of commerce. It integrates Brazilian and international companies in an environment that transcends borders in terms of content generation, as well as providing a complete and active range of business products and services.<\/p><p>We are an American Chamber that integrates the whole of Brazil, heading towards a new era of business.<\/p>\t\t\t\t\t\t\t\t<\/div>\n\t\t\t\t<\/div>\n\t\t\t\t<div class=\"elementor-element elementor-element-de027a2 botao-padrao elementor-widget elementor-widget-heading\" data-id=\"de027a2\" data-element_type=\"widget\" data-e-type=\"widget\" data-widget_type=\"heading.default\">\n\t\t\t\t<div class=\"elementor-widget-container\">\n\t\t\t\t\t<p class=\"elementor-heading-title elementor-size-default\"><a href=\"https:\/\/www.amcham.com.br\/associados\/associe-se\" target=\"_blank\">Join Us <i aria-hidden=\"true\" class=\"fas fa-arrow-right\"><\/i><\/a><\/p>\t\t\t\t<\/div>\n\t\t\t\t<\/div>\n\t\t\t\t\t<\/div>\n\t\t<\/div>\n\t\t\t\t\t<\/div>\n\t\t<\/section>\n\t\t\t\t<\/div>","protected":false},"excerpt":{"rendered":"<p>A AMCHAM e as empresas no Brasil unidas por projetos em defesa do meio ambiente. A Amcham vai muito al\u00e9m de uma t\u00edpica c\u00e2mara de com\u00e9rcio. Ela integra empresas brasileiras e internacionais em um ambiente que extrapola fronteiras na gera\u00e7\u00e3o de conte\u00fado, disponibilizando tamb\u00e9m um completo e ativo de produtos e servi\u00e7os empresariais. Somos uma [&hellip;]<\/p>\n","protected":false},"author":4,"featured_media":0,"parent":0,"menu_order":0,"comment_status":"closed","ping_status":"closed","template":"","meta":{"_acf_changed":false,"footnotes":""},"class_list":["post-90","page","type-page","status-publish","hentry"],"acf":[],"yoast_head":"<!-- This site is optimized with the Yoast SEO plugin v27.3 - https:\/\/yoast.com\/product\/yoast-seo-wordpress\/ -->\n<title>FALE CONOSCO - Brasil Pelo Meio Ambiente<\/title>\n<meta name=\"robots\" content=\"index, follow, max-snippet:-1, max-image-preview:large, max-video-preview:-1\" \/>\n<link rel=\"canonical\" href=\"https:\/\/brasilpelomeioambiente.com.br\/en\/contact-us\/\" \/>\n<meta property=\"og:locale\" content=\"en_US\" \/>\n<meta property=\"og:type\" content=\"article\" \/>\n<meta property=\"og:title\" content=\"FALE CONOSCO - Brasil Pelo Meio Ambiente\" \/>\n<meta property=\"og:description\" content=\"A AMCHAM e as empresas no Brasil unidas por projetos em defesa do meio ambiente. A Amcham vai muito al\u00e9m de uma t\u00edpica c\u00e2mara de com\u00e9rcio. Ela integra empresas brasileiras e internacionais em um ambiente que extrapola fronteiras na gera\u00e7\u00e3o de conte\u00fado, disponibilizando tamb\u00e9m um completo e ativo de produtos e servi\u00e7os empresariais. Somos uma [&hellip;]\" \/>\n<meta property=\"og:url\" content=\"https:\/\/brasilpelomeioambiente.com.br\/en\/contact-us\/\" \/>\n<meta property=\"og:site_name\" content=\"Brasil Pelo Meio Ambiente\" \/>\n<meta property=\"article:publisher\" content=\"https:\/\/www.facebook.com\/amchambrasil\" \/>\n<meta property=\"article:modified_time\" content=\"2024-07-02T19:31:10+00:00\" \/>\n<meta property=\"og:image\" content=\"https:\/\/brasilpelomeioambiente.com.br\/wp-content\/uploads\/2022\/08\/amcham-1.png\" \/>\n<meta name=\"twitter:card\" content=\"summary_large_image\" \/>\n<meta name=\"twitter:site\" content=\"@amchambr\" \/>\n<meta name=\"twitter:label1\" content=\"Est. reading time\" \/>\n\t<meta name=\"twitter:data1\" content=\"1 minute\" \/>\n<script type=\"application\/ld+json\" class=\"yoast-schema-graph\">{\"@context\":\"https:\\\/\\\/schema.org\",\"@graph\":[{\"@type\":\"WebPage\",\"@id\":\"https:\\\/\\\/brasilpelomeioambiente.com.br\\\/fale-conosco\\\/\",\"url\":\"https:\\\/\\\/brasilpelomeioambiente.com.br\\\/fale-conosco\\\/\",\"name\":\"FALE CONOSCO - Brasil Pelo Meio Ambiente\",\"isPartOf\":{\"@id\":\"http:\\\/\\\/brasilpelomeioambiente.com.br\\\/#website\"},\"primaryImageOfPage\":{\"@id\":\"https:\\\/\\\/brasilpelomeioambiente.com.br\\\/fale-conosco\\\/#primaryimage\"},\"image\":{\"@id\":\"https:\\\/\\\/brasilpelomeioambiente.com.br\\\/fale-conosco\\\/#primaryimage\"},\"thumbnailUrl\":\"https:\\\/\\\/brasilpelomeioambiente.com.br\\\/wp-content\\\/uploads\\\/2022\\\/08\\\/amcham-1.png\",\"datePublished\":\"2022-08-19T14:44:18+00:00\",\"dateModified\":\"2024-07-02T19:31:10+00:00\",\"inLanguage\":\"en-US\",\"potentialAction\":[{\"@type\":\"ReadAction\",\"target\":[\"https:\\\/\\\/brasilpelomeioambiente.com.br\\\/fale-conosco\\\/\"]}]},{\"@type\":\"ImageObject\",\"inLanguage\":\"en-US\",\"@id\":\"https:\\\/\\\/brasilpelomeioambiente.com.br\\\/fale-conosco\\\/#primaryimage\",\"url\":\"https:\\\/\\\/brasilpelomeioambiente.com.br\\\/wp-content\\\/uploads\\\/2022\\\/08\\\/amcham-1.png\",\"contentUrl\":\"https:\\\/\\\/brasilpelomeioambiente.com.br\\\/wp-content\\\/uploads\\\/2022\\\/08\\\/amcham-1.png\"},{\"@type\":\"WebSite\",\"@id\":\"http:\\\/\\\/brasilpelomeioambiente.com.br\\\/#website\",\"url\":\"http:\\\/\\\/brasilpelomeioambiente.com.br\\\/\",\"name\":\"Brasil Pelo Meio Ambiente\",\"description\":\"O projeto Brasil Pelo Meio Ambiente surgiu da necessidade de compartilhar as melhores pr\u00e1ticas empresariais brasileiras sobre os temas de preserva\u00e7\u00e3o ambiental e sustentabilidade\",\"publisher\":{\"@id\":\"http:\\\/\\\/brasilpelomeioambiente.com.br\\\/#organization\"},\"alternateName\":\"BPMA\",\"potentialAction\":[{\"@type\":\"SearchAction\",\"target\":{\"@type\":\"EntryPoint\",\"urlTemplate\":\"http:\\\/\\\/brasilpelomeioambiente.com.br\\\/?s={search_term_string}\"},\"query-input\":{\"@type\":\"PropertyValueSpecification\",\"valueRequired\":true,\"valueName\":\"search_term_string\"}}],\"inLanguage\":\"en-US\"},{\"@type\":\"Organization\",\"@id\":\"http:\\\/\\\/brasilpelomeioambiente.com.br\\\/#organization\",\"name\":\"Brasil Pelo Meio Ambiente\",\"url\":\"http:\\\/\\\/brasilpelomeioambiente.com.br\\\/\",\"logo\":{\"@type\":\"ImageObject\",\"inLanguage\":\"en-US\",\"@id\":\"http:\\\/\\\/brasilpelomeioambiente.com.br\\\/#\\\/schema\\\/logo\\\/image\\\/\",\"url\":\"https:\\\/\\\/brasilpelomeioambiente.com.br\\\/wp-content\\\/uploads\\\/2022\\\/08\\\/BpMA-Amcham-ICC_logotipos.png\",\"contentUrl\":\"https:\\\/\\\/brasilpelomeioambiente.com.br\\\/wp-content\\\/uploads\\\/2022\\\/08\\\/BpMA-Amcham-ICC_logotipos.png\",\"width\":1920,\"height\":1080,\"caption\":\"Brasil Pelo Meio Ambiente\"},\"image\":{\"@id\":\"http:\\\/\\\/brasilpelomeioambiente.com.br\\\/#\\\/schema\\\/logo\\\/image\\\/\"},\"sameAs\":[\"https:\\\/\\\/www.facebook.com\\\/amchambrasil\",\"https:\\\/\\\/x.com\\\/amchambr\"]}]}<\/script>\n<!-- \/ Yoast SEO plugin. -->","yoast_head_json":{"title":"CONTACT US - Brazil for the Environment","robots":{"index":"index","follow":"follow","max-snippet":"max-snippet:-1","max-image-preview":"max-image-preview:large","max-video-preview":"max-video-preview:-1"},"canonical":"https:\/\/brasilpelomeioambiente.com.br\/en\/contact-us\/","og_locale":"en_US","og_type":"article","og_title":"FALE CONOSCO - Brasil Pelo Meio Ambiente","og_description":"A AMCHAM e as empresas no Brasil unidas por projetos em defesa do meio ambiente. A Amcham vai muito al\u00e9m de uma t\u00edpica c\u00e2mara de com\u00e9rcio. Ela integra empresas brasileiras e internacionais em um ambiente que extrapola fronteiras na gera\u00e7\u00e3o de conte\u00fado, disponibilizando tamb\u00e9m um completo e ativo de produtos e servi\u00e7os empresariais. Somos uma [&hellip;]","og_url":"https:\/\/brasilpelomeioambiente.com.br\/en\/contact-us\/","og_site_name":"Brasil Pelo Meio Ambiente","article_publisher":"https:\/\/www.facebook.com\/amchambrasil","article_modified_time":"2024-07-02T19:31:10+00:00","og_image":[{"url":"https:\/\/brasilpelomeioambiente.com.br\/wp-content\/uploads\/2022\/08\/amcham-1.png","type":"","width":"","height":""}],"twitter_card":"summary_large_image","twitter_site":"@amchambr","twitter_misc":{"Est. reading time":"1 minute"},"schema":{"@context":"https:\/\/schema.org","@graph":[{"@type":"WebPage","@id":"https:\/\/brasilpelomeioambiente.com.br\/fale-conosco\/","url":"https:\/\/brasilpelomeioambiente.com.br\/fale-conosco\/","name":"CONTACT US - Brazil for the Environment","isPartOf":{"@id":"http:\/\/brasilpelomeioambiente.com.br\/#website"},"primaryImageOfPage":{"@id":"https:\/\/brasilpelomeioambiente.com.br\/fale-conosco\/#primaryimage"},"image":{"@id":"https:\/\/brasilpelomeioambiente.com.br\/fale-conosco\/#primaryimage"},"thumbnailUrl":"https:\/\/brasilpelomeioambiente.com.br\/wp-content\/uploads\/2022\/08\/amcham-1.png","datePublished":"2022-08-19T14:44:18+00:00","dateModified":"2024-07-02T19:31:10+00:00","inLanguage":"en-US","potentialAction":[{"@type":"ReadAction","target":["https:\/\/brasilpelomeioambiente.com.br\/fale-conosco\/"]}]},{"@type":"ImageObject","inLanguage":"en-US","@id":"https:\/\/brasilpelomeioambiente.com.br\/fale-conosco\/#primaryimage","url":"https:\/\/brasilpelomeioambiente.com.br\/wp-content\/uploads\/2022\/08\/amcham-1.png","contentUrl":"https:\/\/brasilpelomeioambiente.com.br\/wp-content\/uploads\/2022\/08\/amcham-1.png"},{"@type":"WebSite","@id":"http:\/\/brasilpelomeioambiente.com.br\/#website","url":"http:\/\/brasilpelomeioambiente.com.br\/","name":"Brazil for the Environment","description":"The Brazil for the Environment project arose from the need to share Brazil's best business practices on the issues of environmental preservation and sustainability","publisher":{"@id":"http:\/\/brasilpelomeioambiente.com.br\/#organization"},"alternateName":"BPMA","potentialAction":[{"@type":"SearchAction","target":{"@type":"EntryPoint","urlTemplate":"http:\/\/brasilpelomeioambiente.com.br\/?s={search_term_string}"},"query-input":{"@type":"PropertyValueSpecification","valueRequired":true,"valueName":"search_term_string"}}],"inLanguage":"en-US"},{"@type":"Organization","@id":"http:\/\/brasilpelomeioambiente.com.br\/#organization","name":"Brazil for the Environment","url":"http:\/\/brasilpelomeioambiente.com.br\/","logo":{"@type":"ImageObject","inLanguage":"en-US","@id":"http:\/\/brasilpelomeioambiente.com.br\/#\/schema\/logo\/image\/","url":"https:\/\/brasilpelomeioambiente.com.br\/wp-content\/uploads\/2022\/08\/BpMA-Amcham-ICC_logotipos.png","contentUrl":"https:\/\/brasilpelomeioambiente.com.br\/wp-content\/uploads\/2022\/08\/BpMA-Amcham-ICC_logotipos.png","width":1920,"height":1080,"caption":"Brasil Pelo Meio Ambiente"},"image":{"@id":"http:\/\/brasilpelomeioambiente.com.br\/#\/schema\/logo\/image\/"},"sameAs":["https:\/\/www.facebook.com\/amchambrasil","https:\/\/x.com\/amchambr"]}]}},"_links":{"self":[{"href":"https:\/\/brasilpelomeioambiente.com.br\/en\/wp-json\/wp\/v2\/pages\/90","targetHints":{"allow":["GET"]}}],"collection":[{"href":"https:\/\/brasilpelomeioambiente.com.br\/en\/wp-json\/wp\/v2\/pages"}],"about":[{"href":"https:\/\/brasilpelomeioambiente.com.br\/en\/wp-json\/wp\/v2\/types\/page"}],"author":[{"embeddable":true,"href":"https:\/\/brasilpelomeioambiente.com.br\/en\/wp-json\/wp\/v2\/users\/4"}],"replies":[{"embeddable":true,"href":"https:\/\/brasilpelomeioambiente.com.br\/en\/wp-json\/wp\/v2\/comments?post=90"}],"version-history":[{"count":3,"href":"https:\/\/brasilpelomeioambiente.com.br\/en\/wp-json\/wp\/v2\/pages\/90\/revisions"}],"predecessor-version":[{"id":7702,"href":"https:\/\/brasilpelomeioambiente.com.br\/en\/wp-json\/wp\/v2\/pages\/90\/revisions\/7702"}],"wp:attachment":[{"href":"https:\/\/brasilpelomeioambiente.com.br\/en\/wp-json\/wp\/v2\/media?parent=90"}],"curies":[{"name":"wp","href":"https:\/\/api.w.org\/{rel}","templated":true}]}}